{"id":177,"date":"2020-11-26T11:17:26","date_gmt":"2020-11-26T10:17:26","guid":{"rendered":"http:\/\/59.zagan.pl\/?page_id=177"},"modified":"2026-03-12T13:34:16","modified_gmt":"2026-03-12T12:34:16","slug":"rada-rodzicow-2","status":"publish","type":"page","link":"http:\/\/59.zagan.pl\/?page_id=177","title":{"rendered":"Rada rodzic\u00f3w"},"content":{"rendered":"<p style=\"text-align: justify;\">Drodzy Rodzice!<br \/>\nRada Rodzic\u00f3w w naszej szkole dzia\u0142a na podstawie art. 53 i 54 ustawy z dnia 7 wrze\u015bnia 1991 r. o systemie o\u015bwiaty (Dz. U. Nr 95 poz. 425 z p\u00f3\u017an. zm.) i jest demokratycznie wybran\u0105 grup\u0105 przedstawicieli Rodzic\u00f3w z wszystkich klas naszej szko\u0142y.\u00a0 Jest jednym z czterech statutowych organ\u00f3w szko\u0142y (Dyrektor, Rada Pedagogiczna, Rada Rodzic\u00f3w i Samorz\u0105d<br \/>\nUczniowski), kt\u00f3ry reprezentuje Rodzic\u00f3w w kontaktach z Dyrekcj\u0105, Rad\u0105 Pedagogiczn\u0105 oraz Samorz\u0105dem Uczniowskim.<\/p>\n<p style=\"text-align: justify;\">W roku szkolnym 2025\/2026 do sk\u0142adu Prezydium Rady Rodzic\u00f3w zostali wybrani:<\/p>\n<div><strong>Przewodnicz\u0105cy Rady Rodzic\u00f3w:<\/strong> Anna Kacprzak<\/div>\n<div><\/div>\n<div><strong>Cz\u0142onkowie<\/strong>:<\/div>\n<ul>\n<li>Marta Pach &#8211; wiceprzewodnicz\u0105ca<\/li>\n<li>Beata Janik &#8211; sekretarz<\/li>\n<li>Wioletta Witek &#8211; skarbnik<\/li>\n<li>Dorota Czajka<\/li>\n<\/ul>\n<p style=\"text-align: justify;\">Podstawowym celem funkcjonowania Rady jest reprezentowanie og\u00f3\u0142u Rodzic\u00f3w szko\u0142y, wspieranie dzia\u0142alno\u015bci statutowej szko\u0142y oraz dzia\u0142anie na rzecz polepszania jej funkcjonowania. To w\u0142a\u015bnie w szkole nasze dzieci sp\u0119dzaj\u0105 wi\u0119ksz\u0105 cz\u0119\u015b\u0107 dnia, dlatego nasze dzia\u0142ania zmierzaj\u0105 m.in. do uatrakcyjnienia tego czasu.<\/p>\n<p style=\"text-align: justify;\">Aby nasze zaanga\u017cowanie mog\u0142o da\u0107 wymierne efekty, poza samymi ch\u0119ciami, niezb\u0119dne s\u0105 jeszcze \u015brodki finansowe. Od wielu lat podstawowym \u017ar\u00f3d\u0142em finansowania naszych dzia\u0142a\u0144 s\u0105 dobrowolne sk\u0142adki Rodzic\u00f3w.<\/p>\n<p style=\"text-align: justify;\">Pragniemy poinformowa\u0107, \u017ce, jak co roku z pozyskanych funduszy, Rada Rodzic\u00f3w wsp\u00f3\u0142finansuje r\u00f3\u017cne uroczysto\u015bci szkolne, finansuje liczne nagrody w konkursach organizowanych przez szko\u0142\u0119, jak r\u00f3wnie\u017c wspiera finansowo dzieci z rodzin b\u0119d\u0105cych w trudnej sytuacji materialnej.<\/p>\n<p style=\"text-align: justify;\"><span style=\"text-decoration: underline;\"><strong>Rodzic\u00f3w zainteresowanych wp\u0142aceniem \u015brodk\u00f3w na konto rady rodzic\u00f3w, prosimy o wp\u0142aty do wychowawcy klasy.<\/strong><\/span><\/p>\n","protected":false},"excerpt":{"rendered":"<p>Drodzy Rodzice! Rada Rodzic\u00f3w w naszej szkole dzia\u0142a na podstawie art. 53 i 54 ustawy&#8230;<\/p>\n","protected":false},"author":4,"featured_media":0,"parent":0,"menu_order":0,"comment_status":"closed","ping_status":"closed","template":"","meta":{"_uag_custom_page_level_css":"","footnotes":""},"class_list":["post-177","page","type-page","status-publish","hentry"],"uagb_featured_image_src":{"full":false,"thumbnail":false,"medium":false,"medium_large":false,"large":false,"1536x1536":false,"2048x2048":false,"covernews-featured":false,"covernews-medium":false,"sow-carousel-default":false},"uagb_author_info":{"display_name":"Rafa\u0142 Surynt","author_link":"http:\/\/59.zagan.pl\/?author=4"},"uagb_comment_info":0,"uagb_excerpt":"Drodzy Rodzice! Rada Rodzic\u00f3w w naszej szkole dzia\u0142a na podstawie art. 53 i 54 ustawy...","_links":{"self":[{"href":"http:\/\/59.zagan.pl\/index.php?rest_route=\/wp\/v2\/pages\/177","targetHints":{"allow":["GET"]}}],"collection":[{"href":"http:\/\/59.zagan.pl\/index.php?rest_route=\/wp\/v2\/pages"}],"about":[{"href":"http:\/\/59.zagan.pl\/index.php?rest_route=\/wp\/v2\/types\/page"}],"author":[{"embeddable":true,"href":"http:\/\/59.zagan.pl\/index.php?rest_route=\/wp\/v2\/users\/4"}],"replies":[{"embeddable":true,"href":"http:\/\/59.zagan.pl\/index.php?rest_route=%2Fwp%2Fv2%2Fcomments&post=177"}],"version-history":[{"count":9,"href":"http:\/\/59.zagan.pl\/index.php?rest_route=\/wp\/v2\/pages\/177\/revisions"}],"predecessor-version":[{"id":8698,"href":"http:\/\/59.zagan.pl\/index.php?rest_route=\/wp\/v2\/pages\/177\/revisions\/8698"}],"wp:attachment":[{"href":"http:\/\/59.zagan.pl\/index.php?rest_route=%2Fwp%2Fv2%2Fmedia&parent=177"}],"curies":[{"name":"wp","href":"https:\/\/api.w.org\/{rel}","templated":true}]}}