{"id":19,"date":"2020-10-30T10:55:50","date_gmt":"2020-10-30T09:55:50","guid":{"rendered":"http:\/\/59.zagan.pl\/?page_id=19"},"modified":"2026-01-19T08:47:44","modified_gmt":"2026-01-19T07:47:44","slug":"kadra-pedagogiczna","status":"publish","type":"page","link":"http:\/\/59.zagan.pl\/?page_id=19","title":{"rendered":"Kadra pedagogiczna"},"content":{"rendered":"<p>&nbsp;<\/p>\n<table width=\"698\" cellspacing=\"0\" cellpadding=\"1\">\n<tbody>\n<tr>\n<td width=\"443\"><span style=\"font-family: Times New Roman, serif;\"><span style=\"font-size: medium;\"><b>Dyrektor ZSTiO w \u017baganiu <\/b><\/span><\/span><\/td>\n<td width=\"252\"><span style=\"font-family: Times New Roman, serif;\"><span style=\"font-size: medium;\"><b>mgr Anna Kr\u00f3l<\/b><\/span><\/span><\/td>\n<\/tr>\n<tr>\n<td width=\"443\"><span style=\"font-family: Times New Roman, serif;\"><span style=\"font-size: medium;\"><b>Wicedyrektor ds. kszta\u0142cenia zawodowego<\/b><\/span><\/span><\/p>\n<p><span style=\"font-family: Times New Roman, serif;\"><span style=\"font-size: medium;\"><b>Wicedyrektor ds. dydaktycznych i wychowawczych<\/b><\/span><\/span><\/td>\n<td width=\"252\"><span style=\"font-family: Times New Roman, serif;\"><span style=\"font-size: medium;\"><b>mgr\u00a0 Dorota Girsa \u2013 Downar<\/b><\/span><\/span><\/p>\n<p><span style=\"font-family: Times New Roman, serif;\"><span style=\"font-size: medium;\"><b>mgr Lucyna Rajtakowska<\/b><\/span><\/span><\/td>\n<\/tr>\n<\/tbody>\n<\/table>\n<p style=\"text-align: center;\">GODZINY DOST\u0118PNO\u015aCI:<br \/>\nDyrektor Anna Kr\u00f3l,<br \/>\nWicedyrektor Lucyna Rajtakowska,<br \/>\nWicedyrektor Dorota Girsa- Downar:<br \/>\nwtorek, \u015broda, czwartek w godzinach 12.00-13.00<br \/>\nSpotkania prosimy umawia\u0107 pod nr. tel. 68 3772887<\/p>\n<table width=\"797\">\n<tbody>\n<tr>\n<td width=\"174\">J\u0119zyk polski<\/td>\n<td width=\"623\">Anna Kr\u00f3l<\/p>\n<p>Katarzyna Grabowska<\/p>\n<p>Magdalena Piotrowska<\/p>\n<p>Ma\u0142gorzata Wawrzyniak<\/p>\n<p>Emilia Roman\u00f3w<\/td>\n<\/tr>\n<tr>\n<td width=\"174\">J\u0119zyk angielski<\/td>\n<td width=\"623\">Ma\u0142gorzata Grze\u015bkowiak<\/p>\n<p>Joanna Mastalerz<\/p>\n<p>Sebastian Kulesza<\/p>\n<p>Marcin Truchlewski<\/p>\n<p>Patrycja Paw\u0142owicz<\/td>\n<\/tr>\n<tr>\n<td width=\"174\">J\u0119zyk niemiecki<\/td>\n<td width=\"623\">Katarzyna Golz-Piku\u0142a<\/p>\n<p>Anna Dylewicz<\/p>\n<p>Natalia Franc<\/td>\n<\/tr>\n<tr>\n<td width=\"174\">Historia\/WOS<\/td>\n<td width=\"623\">Dariusz Downar<\/p>\n<p>Magdalena Malczewska<\/td>\n<\/tr>\n<tr>\n<td width=\"174\">Geografia<\/td>\n<td width=\"623\">Agnieszka Oparska<\/p>\n<p>Dariusz Downar<\/td>\n<\/tr>\n<tr>\n<td width=\"174\">Matematyka<\/td>\n<td width=\"623\">Anna Dylewicz<\/p>\n<p>Wioletta Grzybowska<\/p>\n<p>Lucyna Rajtakowska<\/p>\n<p>Magdalena Tkaczyk<\/p>\n<p>Anna Nowik<\/p>\n<p>Anna Rybak<\/td>\n<\/tr>\n<tr>\n<td width=\"174\">Chemia, EDB<\/td>\n<td width=\"623\">Agnieszka Nadbrze\u017cna<\/td>\n<\/tr>\n<tr>\n<td width=\"174\">Fizyka<\/td>\n<td width=\"623\">Anna Saltarska<\/td>\n<\/tr>\n<tr>\n<td width=\"174\">Biologia<\/td>\n<td width=\"623\">Beata Gutowska<\/td>\n<\/tr>\n<tr>\n<td width=\"174\">Wychowanie fizyczne\/<\/p>\n<p>Samoobrona\/<\/p>\n<p>Szkolenie wojskowe<\/td>\n<td width=\"623\">\u0141ukasz Cichanowicz<\/p>\n<p>Marcin Soko\u0142owski<\/p>\n<p>Martyna Zembik<\/p>\n<p>Jakub Nowotny<\/p>\n<p>Pawe\u0142 Malinowski<\/p>\n<p>Krzysztof Sie\u0144ko<\/td>\n<\/tr>\n<tr>\n<td width=\"174\">Informatyka<\/td>\n<td width=\"623\">Rafa\u0142 Surynt<\/p>\n<p>Daniel Dylewicz<\/td>\n<\/tr>\n<tr>\n<td width=\"174\">Przedmioty zawodowe<\/td>\n<td width=\"623\">Dorota Girsa \u2013 Downar<br \/>\nKamila Aleszczyk<br \/>\nKatarzyna Gulbicka<br \/>\nLucyna Kultys<br \/>\nAnna Saltarska<br \/>\nMagdalena Tkaczyk<br \/>\nMagdalena Wieczy\u0144ska<br \/>\nAngelika Bielecka<br \/>\nAgnieszka Machnij<br \/>\nAlicja Sikorska<\/td>\n<\/tr>\n<tr>\n<td width=\"174\">Edukacja obywatelska<\/td>\n<td width=\"623\">Miros\u0142aw Delost<\/td>\n<\/tr>\n<tr>\n<td width=\"174\">Religia<\/td>\n<td width=\"623\"><\/td>\n<\/tr>\n<tr>\n<td width=\"174\">Pedagog<\/td>\n<td width=\"623\">Ma\u0142gorzata Michalak<\/td>\n<\/tr>\n<tr>\n<td width=\"174\">Pedagog specjalny<\/td>\n<td width=\"623\">Gra\u017cyna Fedorowicz<\/td>\n<\/tr>\n<tr>\n<td width=\"174\">Psycholog<\/td>\n<td width=\"623\">Agnieszka Nisiewicz<\/td>\n<\/tr>\n<tr>\n<td width=\"174\">Bibliotekarz<\/td>\n<td width=\"623\">Ma\u0142gorzata Wawrzyniak<\/td>\n<\/tr>\n<\/tbody>\n<\/table>\n<p>&nbsp;<\/p>\n","protected":false},"excerpt":{"rendered":"<p>&nbsp; Dyrektor ZSTiO w \u017baganiu mgr Anna Kr\u00f3l Wicedyrektor ds. kszta\u0142cenia zawodowego Wicedyrektor ds. dydaktycznych&#8230;<\/p>\n","protected":false},"author":4,"featured_media":0,"parent":0,"menu_order":0,"comment_status":"closed","ping_status":"closed","template":"","meta":{"_uag_custom_page_level_css":"","footnotes":""},"class_list":["post-19","page","type-page","status-publish","hentry"],"uagb_featured_image_src":{"full":false,"thumbnail":false,"medium":false,"medium_large":false,"large":false,"1536x1536":false,"2048x2048":false,"covernews-featured":false,"covernews-medium":false,"sow-carousel-default":false},"uagb_author_info":{"display_name":"Rafa\u0142 Surynt","author_link":"http:\/\/59.zagan.pl\/?author=4"},"uagb_comment_info":0,"uagb_excerpt":"&nbsp; Dyrektor ZSTiO w \u017baganiu mgr Anna Kr\u00f3l Wicedyrektor ds. kszta\u0142cenia zawodowego Wicedyrektor ds. dydaktycznych...","_links":{"self":[{"href":"http:\/\/59.zagan.pl\/index.php?rest_route=\/wp\/v2\/pages\/19","targetHints":{"allow":["GET"]}}],"collection":[{"href":"http:\/\/59.zagan.pl\/index.php?rest_route=\/wp\/v2\/pages"}],"about":[{"href":"http:\/\/59.zagan.pl\/index.php?rest_route=\/wp\/v2\/types\/page"}],"author":[{"embeddable":true,"href":"http:\/\/59.zagan.pl\/index.php?rest_route=\/wp\/v2\/users\/4"}],"replies":[{"embeddable":true,"href":"http:\/\/59.zagan.pl\/index.php?rest_route=%2Fwp%2Fv2%2Fcomments&post=19"}],"version-history":[{"count":22,"href":"http:\/\/59.zagan.pl\/index.php?rest_route=\/wp\/v2\/pages\/19\/revisions"}],"predecessor-version":[{"id":1559,"href":"http:\/\/59.zagan.pl\/index.php?rest_route=\/wp\/v2\/pages\/19\/revisions\/1559"}],"wp:attachment":[{"href":"http:\/\/59.zagan.pl\/index.php?rest_route=%2Fwp%2Fv2%2Fmedia&parent=19"}],"curies":[{"name":"wp","href":"https:\/\/api.w.org\/{rel}","templated":true}]}}